{"id":1055,"date":"2023-12-21T20:31:45","date_gmt":"2023-12-21T20:31:45","guid":{"rendered":"https:\/\/www.cooperativasowen.coop\/buscador\/?page_id=1055"},"modified":"2023-12-21T20:31:45","modified_gmt":"2023-12-21T20:31:45","slug":"aviso-legal","status":"publish","type":"page","link":"https:\/\/cooperativasowen.coop\/buscador\/aviso-legal\/","title":{"rendered":"Aviso Legal"},"content":{"rendered":"<p>Las presentes condiciones de uso de la p\u00e1gina web, regulan los t\u00e9rminos de acceso y uso de esta p\u00e1gina web, propiedad de UNION DE COOPERATIVAS DE TRABAJO (OWEN), en adelante, \u201cla Empresa\u201d, que el usuario del portal deber\u00e1 aceptar para usar todos los servicios e informaci\u00f3n que se facilitan desde el portal.<\/p>\n<p>El usuario as\u00ed como la Empresa, propietaria del portal, podr\u00e1n ser denominados conjuntamente como las partes. El mero acceso o utilizaci\u00f3n del portal, de todos o parte de sus contenidos y servicios significa la plena aceptaci\u00f3n de las presentes condiciones de uso. La puesta a disposici\u00f3n y el uso del portal se entiende sometida al estricto cumplimiento de los t\u00e9rminos recogidos en las presentes condiciones de uso del portal.<\/p>\n<p>Los usuarios pueden acceder a trav\u00e9s del portal a diferente tipo de informaci\u00f3n y servicios. El portal se reserva la facultad de modificar, en cualquier momento, y sin aviso previo, la presentaci\u00f3n y configuraci\u00f3n de la informaci\u00f3n y servicios ofrecidos desde el portal. El usuario reconoce y acepta expresamente que en cualquier momento el portal pueda interrumpir, desactivar y\/o cancelar cualquier informaci\u00f3n o servicio. El portal realizar\u00e1 sus mejores esfuerzos para intentar garantizar la disponibilidad y accesibilidad a la web. No obstante, en ocasiones, por razones de mantenimiento, actualizaci\u00f3n, cambio de ubicaci\u00f3n, etc., podr\u00e1 suponer la interrupci\u00f3n del acceso al portal.<\/p>\n<p>La aplicaci\u00f3n no interviene en la creaci\u00f3n de aquellos contenidos y\/o servicios prestados o suministrados por terceras partes en y\/o a trav\u00e9s de la aplicaci\u00f3n, del mismo modo que tampoco controla su licitud. En cualquier caso, no ofrece ninguna clase de garant\u00eda sobre los mismos. El usuario reconoce que la aplicaci\u00f3n no es ni ser\u00e1 responsable de los contenidos y\/o servicios prestados o suministrados por terceras partes en y\/o a trav\u00e9s de la aplicaci\u00f3n. El usuario acepta que la aplicaci\u00f3n no asumir\u00e1 responsabilidad alguna por cualquier da\u00f1o o perjuicio producido como consecuencia de la utilizaci\u00f3n de esta informaci\u00f3n o servicios de terceros.<\/p>\n<p>La empresa responsable de la web no puede asumir ninguna responsabilidad derivada del uso incorrecto, inapropiado o il\u00edcito de la informaci\u00f3n aparecida en esta p\u00e1gina de Internet.<\/p>\n<p>Con los l\u00edmites establecidos en la ley, la empresa no asume ninguna responsabilidad derivada de la falta de veracidad, integridad, actualizaci\u00f3n y precisi\u00f3n de los datos o informaciones que se contienen en sus p\u00e1ginas de Internet.<\/p>\n<p>Los contenidos e informaci\u00f3n no vinculan a la empresa ni constituyen opiniones, consejos o asesoramiento legal de ning\u00fan tipo pues se trata meramente de un servicio ofrecido con car\u00e1cter informativo y divulgativo.<\/p>\n<p>La p\u00e1gina de Internet de la empresa puede contener enlaces (links) a otras p\u00e1ginas de terceras partes que no puede controlar. Por lo tanto, la empresa no puede asumir responsabilidades por el contenido que pueda aparecer en p\u00e1ginas de terceros.<\/p>\n<p>Los textos, im\u00e1genes, sonidos, animaciones, software y el resto de contenidos incluidos en este website son propiedad exclusiva de la empresa o sus licenciantes. Cualquier acto de transmisi\u00f3n, distribuci\u00f3n, cesi\u00f3n, reproducci\u00f3n, almacenamiento o comunicaci\u00f3n p\u00fablica total o parcial, debe contar con el consentimiento expreso de la empresa.<\/p>\n<p>El usuario deber\u00e1 respetar en todo momento los t\u00e9rminos y condiciones establecidos en el presente aviso legal. De forma expresa, el usuario manifiesta que utilizar\u00e1 el portal de forma diligente y asumiendo cualquier responsabilidad que pudiera derivarse del incumplimiento de las normas.<\/p>\n<p>El usuario se obliga, en aquellos casos que se le soliciten datos o informaci\u00f3n, a no falsear su identidad haci\u00e9ndose pasar por cualquier otra persona. El usuario no podr\u00e1 utilizar el portal para actividades contrarias a la Ley, la moral y el orden p\u00fablico as\u00ed como para finalidades prohibidas o que vulneren o lesionen derechos de terceros. Asimismo, queda prohibida la difusi\u00f3n, almacenamiento y\/o gesti\u00f3n de datos o contenidos que infrinjan derechos de terceros o cualesquiera normativas reguladoras de derechos de propiedad intelectual o industrial.<\/p>\n<p>As\u00ed mismo, el usuario no podr\u00e1 utilizar el portal para transmitir, almacenar, divulgar promover o distribuir datos o contenidos que sean portadores de virus o cualquier otro c\u00f3digo inform\u00e1tico, archivos o programas dise\u00f1ados para interrumpir, destruir o perjudicar el funcionamiento de cualquier programa o equipo inform\u00e1tico o de telecomunicaciones.<\/p>\n<p>El usuario se obliga a indemnizar y a mantener indemnes al portal por cualquier da\u00f1o, perjuicio, sanci\u00f3n, multa, pena o indemnizaci\u00f3n que tenga que hacer frente el portal.<\/p>\n<p>As\u00ed mismo, puede consultar nuestra <a href=\"https:\/\/cooperativasowen.coop\/buscador\/politica-privacidad\/\">Pol\u00edti<\/a><a href=\"https:\/\/cooperativasowen.coop\/buscador\/politica-de-privacidad\/\">ca<\/a><a href=\"https:\/\/cooperativasowen.coop\/buscador\/politica-de-privacidad\/\"> de<\/a><a href=\"\/politica-de-privacidad\/\"> Privacidad<\/a> y a nuestra <a href=\"\/politica-de-cookies-ue\/\">Pol\u00edtica de Cookies<\/a>, pinchando en los enlaces.<\/p>\n<p>&nbsp;<\/p>\n","protected":false},"excerpt":{"rendered":"<p>Las presentes condiciones de uso de la p\u00e1gina web, regulan los t\u00e9rminos de acceso y uso de esta p\u00e1gina web, propiedad de UNION DE COOPERATIVAS DE TRABAJO (OWEN), en adelante, \u201cla Empresa\u201d, que el usuario del portal deber\u00e1 aceptar para usar todos los servicios e informaci\u00f3n que se facilitan desde el portal. El usuario as\u00ed &#8230; <a title=\"Aviso Legal\" class=\"read-more\" href=\"https:\/\/cooperativasowen.coop\/buscador\/aviso-legal\/\" aria-label=\"Leer m\u00e1s sobre Aviso Legal\">Leer m\u00e1s<\/a><\/p>\n","protected":false},"author":1,"featured_media":0,"parent":0,"menu_order":0,"comment_status":"closed","ping_status":"closed","template":"","meta":{"footnotes":""},"class_list":["post-1055","page","type-page","status-publish"],"_links":{"self":[{"href":"https:\/\/cooperativasowen.coop\/buscador\/wp-json\/wp\/v2\/pages\/1055","targetHints":{"allow":["GET"]}}],"collection":[{"href":"https:\/\/cooperativasowen.coop\/buscador\/wp-json\/wp\/v2\/pages"}],"about":[{"href":"https:\/\/cooperativasowen.coop\/buscador\/wp-json\/wp\/v2\/types\/page"}],"author":[{"embeddable":true,"href":"https:\/\/cooperativasowen.coop\/buscador\/wp-json\/wp\/v2\/users\/1"}],"replies":[{"embeddable":true,"href":"https:\/\/cooperativasowen.coop\/buscador\/wp-json\/wp\/v2\/comments?post=1055"}],"version-history":[{"count":4,"href":"https:\/\/cooperativasowen.coop\/buscador\/wp-json\/wp\/v2\/pages\/1055\/revisions"}],"predecessor-version":[{"id":1775,"href":"https:\/\/cooperativasowen.coop\/buscador\/wp-json\/wp\/v2\/pages\/1055\/revisions\/1775"}],"wp:attachment":[{"href":"https:\/\/cooperativasowen.coop\/buscador\/wp-json\/wp\/v2\/media?parent=1055"}],"curies":[{"name":"wp","href":"https:\/\/api.w.org\/{rel}","templated":true}]}}