{"id":1485,"date":"2021-10-21T17:23:35","date_gmt":"2021-10-21T17:23:35","guid":{"rendered":"https:\/\/www.cooperativasowen.coop\/buscador\/?page_id=1485"},"modified":"2024-01-29T12:56:02","modified_gmt":"2024-01-29T12:56:02","slug":"nosotros","status":"publish","type":"page","link":"https:\/\/cooperativasowen.coop\/buscador\/nosotros\/","title":{"rendered":"Nosotros"},"content":{"rendered":"\t\t<div data-elementor-type=\"wp-page\" data-elementor-id=\"1485\" class=\"elementor elementor-1485\" data-elementor-post-type=\"page\">\n\t\t\t\t\t\t<section class=\"elementor-section elementor-top-section elementor-element elementor-element-f7badf6 elementor-section-height-min-height elementor-section-boxed elementor-section-height-default elementor-section-items-middle\" data-id=\"f7badf6\" data-element_type=\"section\" data-settings=\"{&quot;background_background&quot;:&quot;classic&quot;}\">\n\t\t\t\t\t\t\t<div class=\"elementor-background-overlay\"><\/div>\n\t\t\t\t\t\t\t<div class=\"elementor-container elementor-column-gap-default\">\n\t\t\t\t\t<div class=\"elementor-column elementor-col-50 elementor-top-column elementor-element elementor-element-a3e4856\" data-id=\"a3e4856\" data-element_type=\"column\">\n\t\t\t<div class=\"elementor-widget-wrap elementor-element-populated\">\n\t\t\t\t\t\t<div class=\"elementor-element elementor-element-66aaa86 elementor-widget elementor-widget-heading\" data-id=\"66aaa86\" data-element_type=\"widget\" data-widget_type=\"heading.default\">\n\t\t\t\t<div class=\"elementor-widget-container\">\n\t\t\t\t\t<h1 class=\"elementor-heading-title elementor-size-default\">Nosotros<\/h1>\t\t\t\t<\/div>\n\t\t\t\t<\/div>\n\t\t\t\t\t<\/div>\n\t\t<\/div>\n\t\t\t\t<div class=\"elementor-column elementor-col-50 elementor-top-column elementor-element elementor-element-cad8f41\" data-id=\"cad8f41\" data-element_type=\"column\">\n\t\t\t<div class=\"elementor-widget-wrap elementor-element-populated\">\n\t\t\t\t\t\t<div class=\"elementor-element elementor-element-e2a0211 elementor-widget elementor-widget-image\" data-id=\"e2a0211\" data-element_type=\"widget\" data-widget_type=\"image.default\">\n\t\t\t\t<div class=\"elementor-widget-container\">\n\t\t\t\t\t\t\t\t\t\t\t\t\t\t\t<img fetchpriority=\"high\" decoding=\"async\" width=\"500\" height=\"154\" src=\"https:\/\/cooperativasowen.coop\/buscador\/wp-content\/uploads\/2023\/12\/search-2.png\" class=\"attachment-large size-large wp-image-3334\" alt=\"Buscador\" srcset=\"https:\/\/cooperativasowen.coop\/buscador\/wp-content\/uploads\/2023\/12\/search-2.png 500w, https:\/\/cooperativasowen.coop\/buscador\/wp-content\/uploads\/2023\/12\/search-2-300x92.png 300w\" sizes=\"(max-width: 500px) 100vw, 500px\" \/>\t\t\t\t\t\t\t\t\t\t\t\t\t\t\t<\/div>\n\t\t\t\t<\/div>\n\t\t\t\t\t<\/div>\n\t\t<\/div>\n\t\t\t\t\t<\/div>\n\t\t<\/section>\n\t\t<div class=\"elementor-element elementor-element-a59a513 e-flex e-con-boxed e-con e-parent\" data-id=\"a59a513\" data-element_type=\"container\" data-settings=\"{&quot;background_background&quot;:&quot;classic&quot;}\">\n\t\t\t\t\t<div class=\"e-con-inner\">\n\t\t<div class=\"elementor-element elementor-element-375625e e-con-full e-flex e-con e-child\" data-id=\"375625e\" data-element_type=\"container\">\n\t\t<div class=\"elementor-element elementor-element-a930368 e-flex e-con-boxed e-con e-child\" data-id=\"a930368\" data-element_type=\"container\">\n\t\t\t\t\t<div class=\"e-con-inner\">\n\t\t\t\t<div class=\"elementor-element elementor-element-e9535ef elementor-widget elementor-widget-text-editor\" data-id=\"e9535ef\" data-element_type=\"widget\" data-widget_type=\"text-editor.default\">\n\t\t\t\t<div class=\"elementor-widget-container\">\n\t\t\t\t\t\t\t\t\t<p class=\"p1\">El <span class=\"s1\">Buscador de Recursos Digitales de la Econom\u00eda Social<\/span> es una herramienta web de b\u00fasqueda, redirecci\u00f3n al contenido original y almacenamiento de recursos digitales:<\/p><ul class=\"ul1\"><li class=\"li1\">El buscador<br \/><ul class=\"ul1\"><li class=\"li1\">Buscador dentro de la propia web<\/li><li class=\"li1\">Enlaces a webs institucionales<\/li><li class=\"li1\">Enlaces a webs de entidades de la Econom\u00eda Social<\/li><li class=\"li1\">Documentos<\/li><li class=\"li1\">V\u00eddeos<\/li><li class=\"li1\">Noticias.<\/li><\/ul><\/li><\/ul><p class=\"p1\">Con la funci\u00f3n principal de gestionar el conocimiento y la difusi\u00f3n de la Econom\u00eda Social como eje unificador del territorio espa\u00f1ol en cada una de sus comunidades aut\u00f3nomas.<\/p>\t\t\t\t\t\t\t\t<\/div>\n\t\t\t\t<\/div>\n\t\t\t\t\t<\/div>\n\t\t\t\t<\/div>\n\t\t<div class=\"elementor-element elementor-element-12288d4 e-flex e-con-boxed e-con e-child\" data-id=\"12288d4\" data-element_type=\"container\">\n\t\t\t\t\t<div class=\"e-con-inner\">\n\t\t\t\t<div class=\"elementor-element elementor-element-1cce2e6 elementor-widget elementor-widget-image\" data-id=\"1cce2e6\" data-element_type=\"widget\" data-widget_type=\"image.default\">\n\t\t\t\t<div class=\"elementor-widget-container\">\n\t\t\t\t\t\t\t\t\t\t\t\t\t\t\t<img decoding=\"async\" width=\"900\" height=\"600\" src=\"https:\/\/cooperativasowen.coop\/buscador\/wp-content\/uploads\/2021\/10\/Funcion-directiva-en-cooperativas-de-ensenanza-20-h.jpeg\" class=\"attachment-large size-large wp-image-1235\" alt=\"Reuni\u00f3n\" srcset=\"https:\/\/cooperativasowen.coop\/buscador\/wp-content\/uploads\/2021\/10\/Funcion-directiva-en-cooperativas-de-ensenanza-20-h.jpeg 1000w, https:\/\/cooperativasowen.coop\/buscador\/wp-content\/uploads\/2021\/10\/Funcion-directiva-en-cooperativas-de-ensenanza-20-h-300x200.jpeg 300w, https:\/\/cooperativasowen.coop\/buscador\/wp-content\/uploads\/2021\/10\/Funcion-directiva-en-cooperativas-de-ensenanza-20-h-768x512.jpeg 768w\" sizes=\"(max-width: 900px) 100vw, 900px\" \/>\t\t\t\t\t\t\t\t\t\t\t\t\t\t\t<\/div>\n\t\t\t\t<\/div>\n\t\t\t\t\t<\/div>\n\t\t\t\t<\/div>\n\t\t\t\t<\/div>\n\t\t<div class=\"elementor-element elementor-element-c9742d9 e-con-full e-flex e-con e-child\" data-id=\"c9742d9\" data-element_type=\"container\">\n\t\t<div class=\"elementor-element elementor-element-273a1db e-flex e-con-boxed e-con e-child\" data-id=\"273a1db\" data-element_type=\"container\">\n\t\t\t\t\t<div class=\"e-con-inner\">\n\t\t\t\t<div class=\"elementor-element elementor-element-e05bbbe elementor-widget elementor-widget-image\" data-id=\"e05bbbe\" data-element_type=\"widget\" data-widget_type=\"image.default\">\n\t\t\t\t<div class=\"elementor-widget-container\">\n\t\t\t\t\t\t\t\t\t\t\t\t\t\t\t<img decoding=\"async\" width=\"900\" height=\"600\" src=\"https:\/\/cooperativasowen.coop\/buscador\/wp-content\/uploads\/2021\/10\/Iniciacion-a-la-cooperativa-de-trabajo-34-hs.jpeg\" class=\"attachment-large size-large wp-image-1236\" alt=\"Iniciaci\u00f3n a la cooperativa de trabajo (34 hs)\" srcset=\"https:\/\/cooperativasowen.coop\/buscador\/wp-content\/uploads\/2021\/10\/Iniciacion-a-la-cooperativa-de-trabajo-34-hs.jpeg 1000w, https:\/\/cooperativasowen.coop\/buscador\/wp-content\/uploads\/2021\/10\/Iniciacion-a-la-cooperativa-de-trabajo-34-hs-300x200.jpeg 300w, https:\/\/cooperativasowen.coop\/buscador\/wp-content\/uploads\/2021\/10\/Iniciacion-a-la-cooperativa-de-trabajo-34-hs-768x512.jpeg 768w\" sizes=\"(max-width: 900px) 100vw, 900px\" \/>\t\t\t\t\t\t\t\t\t\t\t\t\t\t\t<\/div>\n\t\t\t\t<\/div>\n\t\t\t\t\t<\/div>\n\t\t\t\t<\/div>\n\t\t<div class=\"elementor-element elementor-element-ce7451c e-flex e-con-boxed e-con e-child\" data-id=\"ce7451c\" data-element_type=\"container\">\n\t\t\t\t\t<div class=\"e-con-inner\">\n\t\t\t\t<div class=\"elementor-element elementor-element-3425746 elementor-widget elementor-widget-text-editor\" data-id=\"3425746\" data-element_type=\"widget\" data-widget_type=\"text-editor.default\">\n\t\t\t\t<div class=\"elementor-widget-container\">\n\t\t\t\t\t\t\t\t\t<p>Es un semillero digital para facilitar la actividad de los usuarios y as\u00ed contribuir a difundir y mejorar la b\u00fasqueda de informaci\u00f3n \u00fatil.<\/p><p>Una manera m\u00e1s r\u00e1pida y sostenible de trabajo, para que la informaci\u00f3n germine emprendimiento.<\/p><p>La idea de esta herramienta nace de la necesidad de Promoci\u00f3n de la generaci\u00f3n de redes de apoyo y servicios comunes entre trabajadoras y trabajadores aut\u00f3nomos y entidades de econom\u00eda social, para optimizar sus recursos y favorecer el intercambio de buenas pr\u00e1cticas<\/p>\t\t\t\t\t\t\t\t<\/div>\n\t\t\t\t<\/div>\n\t\t\t\t\t<\/div>\n\t\t\t\t<\/div>\n\t\t\t\t<\/div>\n\t\t<div class=\"elementor-element elementor-element-851be4b e-con-full e-flex e-con e-child\" data-id=\"851be4b\" data-element_type=\"container\">\n\t\t<div class=\"elementor-element elementor-element-3c17403 e-flex e-con-boxed e-con e-child\" data-id=\"3c17403\" data-element_type=\"container\">\n\t\t\t\t\t<div class=\"e-con-inner\">\n\t\t\t\t<div class=\"elementor-element elementor-element-d6b1c36 elementor-widget elementor-widget-text-editor\" data-id=\"d6b1c36\" data-element_type=\"widget\" data-widget_type=\"text-editor.default\">\n\t\t\t\t<div class=\"elementor-widget-container\">\n\t\t\t\t\t\t\t\t\t<p>La escasa visibilidad de la Econom\u00eda Social y su delimitaci\u00f3n como modelo empresarial, tanto a nivel ciudadano como institucional (p\u00fablico y privado) tambi\u00e9n de usuarios relevantes as\u00ed como la confusi\u00f3n respecto al concepto, como se observa en el an\u00e1lisis DAFO (Debilidades, Amenazas, Fortalezas y Oportunidades) de la Econom\u00eda Social y claramente patente en el Informe marco de referencia de la Estrategia Espa\u00f1ola de la Econom\u00eda Social (EEEES 2021-2027).<\/p><p>Por ello es imprescindible contar con una \u00fanica herramienta digital que contenga en una misma direcci\u00f3n web los recursos \u00fatiles para emprendedores, agentes, Entidades, empresas y ciudadan\u00eda en particular que tengas inter\u00e9s en el modelo de la Econom\u00eda Social.<\/p><p>Lograr\u00edamos optimizar los tiempos de b\u00fasqueda y dar mayor utilidad a dichos recursos.<\/p><p>No existe en la actualidad una herramienta de \u00e1mbito nacional similar de ayuda, clasificaci\u00f3n y difusi\u00f3n de instrumentos que faciliten la gesti\u00f3n de todo este conocimiento para facilitar las acciones divulgaci\u00f3n de la virtualidad de la Econom\u00eda Social.<\/p>\t\t\t\t\t\t\t\t<\/div>\n\t\t\t\t<\/div>\n\t\t\t\t\t<\/div>\n\t\t\t\t<\/div>\n\t\t\t\t<\/div>\n\t\t\t\t\t<\/div>\n\t\t\t\t<\/div>\n\t\t<div class=\"elementor-element elementor-element-6d349ba e-flex e-con-boxed e-con e-child\" data-id=\"6d349ba\" data-element_type=\"container\" data-settings=\"{&quot;background_background&quot;:&quot;classic&quot;}\">\n\t\t\t\t\t<div class=\"e-con-inner\">\n\t\t<div class=\"elementor-element elementor-element-36c97d9 e-flex e-con-boxed e-con e-child\" data-id=\"36c97d9\" data-element_type=\"container\" data-settings=\"{&quot;background_background&quot;:&quot;classic&quot;}\">\n\t\t\t\t\t<div class=\"e-con-inner\">\n\t\t<div class=\"elementor-element elementor-element-4fb8ba2 e-con-full e-flex e-con e-child\" data-id=\"4fb8ba2\" data-element_type=\"container\" data-settings=\"{&quot;background_background&quot;:&quot;classic&quot;}\">\n\t\t\t\t<div class=\"elementor-element elementor-element-60456c3 elementor-view-framed elementor-shape-circle elementor-invisible elementor-widget elementor-widget-icon\" data-id=\"60456c3\" data-element_type=\"widget\" data-settings=\"{&quot;_animation&quot;:&quot;zoomIn&quot;}\" data-widget_type=\"icon.default\">\n\t\t\t\t<div class=\"elementor-widget-container\">\n\t\t\t\t\t\t\t<div class=\"elementor-icon-wrapper\">\n\t\t\t<div class=\"elementor-icon\">\n\t\t\t<svg aria-hidden=\"true\" class=\"e-font-icon-svg e-fas-archway\" viewBox=\"0 0 576 512\" xmlns=\"http:\/\/www.w3.org\/2000\/svg\"><path d=\"M560 448h-16V96H32v352H16.02c-8.84 0-16 7.16-16 16v32c0 8.84 7.16 16 16 16H176c8.84 0 16-7.16 16-16V320c0-53.02 42.98-96 96-96s96 42.98 96 96l.02 160v16c0 8.84 7.16 16 16 16H560c8.84 0 16-7.16 16-16v-32c0-8.84-7.16-16-16-16zm0-448H16C7.16 0 0 7.16 0 16v32c0 8.84 7.16 16 16 16h544c8.84 0 16-7.16 16-16V16c0-8.84-7.16-16-16-16z\"><\/path><\/svg>\t\t\t<\/div>\n\t\t<\/div>\n\t\t\t\t\t\t<\/div>\n\t\t\t\t<\/div>\n\t\t\t\t<div class=\"elementor-element elementor-element-f526f5b elementor-widget elementor-widget-counter\" data-id=\"f526f5b\" data-element_type=\"widget\" data-widget_type=\"counter.default\">\n\t\t\t\t<div class=\"elementor-widget-container\">\n\t\t\t\t\t\t\t<div class=\"elementor-counter\">\n\t\t\t\t\t\t<div class=\"elementor-counter-number-wrapper\">\n\t\t\t\t<span class=\"elementor-counter-number-prefix\"><\/span>\n\t\t\t\t<span class=\"elementor-counter-number\" data-duration=\"2000\" data-to-value=\"17\" data-from-value=\"0\" data-delimiter=\",\">0<\/span>\n\t\t\t\t<span class=\"elementor-counter-number-suffix\">+<\/span>\n\t\t\t<\/div>\n\t\t<\/div>\n\t\t\t\t\t\t<\/div>\n\t\t\t\t<\/div>\n\t\t\t\t<div class=\"elementor-element elementor-element-9416ac0 elementor-widget elementor-widget-image-box\" data-id=\"9416ac0\" data-element_type=\"widget\" data-widget_type=\"image-box.default\">\n\t\t\t\t<div class=\"elementor-widget-container\">\n\t\t\t\t\t<div class=\"elementor-image-box-wrapper\"><div class=\"elementor-image-box-content\"><h4 class=\"elementor-image-box-title\">Instituciones<\/h4><\/div><\/div>\t\t\t\t<\/div>\n\t\t\t\t<\/div>\n\t\t\t\t<\/div>\n\t\t<div class=\"elementor-element elementor-element-c987f55 e-con-full e-flex e-con e-child\" data-id=\"c987f55\" data-element_type=\"container\" data-settings=\"{&quot;background_background&quot;:&quot;classic&quot;}\">\n\t\t\t\t<div class=\"elementor-element elementor-element-5e9e000 elementor-view-framed elementor-shape-circle elementor-invisible elementor-widget elementor-widget-icon\" data-id=\"5e9e000\" data-element_type=\"widget\" data-settings=\"{&quot;_animation&quot;:&quot;zoomIn&quot;,&quot;_animation_delay&quot;:100}\" data-widget_type=\"icon.default\">\n\t\t\t\t<div class=\"elementor-widget-container\">\n\t\t\t\t\t\t\t<div class=\"elementor-icon-wrapper\">\n\t\t\t<div class=\"elementor-icon\">\n\t\t\t<svg aria-hidden=\"true\" class=\"e-font-icon-svg e-fas-briefcase\" viewBox=\"0 0 512 512\" xmlns=\"http:\/\/www.w3.org\/2000\/svg\"><path d=\"M320 336c0 8.84-7.16 16-16 16h-96c-8.84 0-16-7.16-16-16v-48H0v144c0 25.6 22.4 48 48 48h416c25.6 0 48-22.4 48-48V288H320v48zm144-208h-80V80c0-25.6-22.4-48-48-48H176c-25.6 0-48 22.4-48 48v48H48c-25.6 0-48 22.4-48 48v80h512v-80c0-25.6-22.4-48-48-48zm-144 0H192V96h128v32z\"><\/path><\/svg>\t\t\t<\/div>\n\t\t<\/div>\n\t\t\t\t\t\t<\/div>\n\t\t\t\t<\/div>\n\t\t\t\t<div class=\"elementor-element elementor-element-8a7b263 elementor-widget elementor-widget-counter\" data-id=\"8a7b263\" data-element_type=\"widget\" data-widget_type=\"counter.default\">\n\t\t\t\t<div class=\"elementor-widget-container\">\n\t\t\t\t\t\t\t<div class=\"elementor-counter\">\n\t\t\t\t\t\t<div class=\"elementor-counter-number-wrapper\">\n\t\t\t\t<span class=\"elementor-counter-number-prefix\"><\/span>\n\t\t\t\t<span class=\"elementor-counter-number\" data-duration=\"2000\" data-to-value=\"100\" data-from-value=\"0\" data-delimiter=\",\">0<\/span>\n\t\t\t\t<span class=\"elementor-counter-number-suffix\">+<\/span>\n\t\t\t<\/div>\n\t\t<\/div>\n\t\t\t\t\t\t<\/div>\n\t\t\t\t<\/div>\n\t\t\t\t<div class=\"elementor-element elementor-element-b19a1cc elementor-widget elementor-widget-image-box\" data-id=\"b19a1cc\" data-element_type=\"widget\" data-widget_type=\"image-box.default\">\n\t\t\t\t<div class=\"elementor-widget-container\">\n\t\t\t\t\t<div class=\"elementor-image-box-wrapper\"><div class=\"elementor-image-box-content\"><h4 class=\"elementor-image-box-title\">Entidades<\/h4><\/div><\/div>\t\t\t\t<\/div>\n\t\t\t\t<\/div>\n\t\t\t\t<\/div>\n\t\t<div class=\"elementor-element elementor-element-d09167d e-con-full e-flex e-con e-child\" data-id=\"d09167d\" data-element_type=\"container\" data-settings=\"{&quot;background_background&quot;:&quot;classic&quot;}\">\n\t\t\t\t<div class=\"elementor-element elementor-element-57469c6 elementor-view-framed elementor-shape-circle elementor-invisible elementor-widget elementor-widget-icon\" data-id=\"57469c6\" data-element_type=\"widget\" data-settings=\"{&quot;_animation&quot;:&quot;zoomIn&quot;,&quot;_animation_delay&quot;:200}\" data-widget_type=\"icon.default\">\n\t\t\t\t<div class=\"elementor-widget-container\">\n\t\t\t\t\t\t\t<div class=\"elementor-icon-wrapper\">\n\t\t\t<div class=\"elementor-icon\">\n\t\t\t<svg aria-hidden=\"true\" class=\"e-font-icon-svg e-far-play-circle\" viewBox=\"0 0 512 512\" xmlns=\"http:\/\/www.w3.org\/2000\/svg\"><path d=\"M371.7 238l-176-107c-15.8-8.8-35.7 2.5-35.7 21v208c0 18.4 19.8 29.8 35.7 21l176-101c16.4-9.1 16.4-32.8 0-42zM504 256C504 119 393 8 256 8S8 119 8 256s111 248 248 248 248-111 248-248zm-448 0c0-110.5 89.5-200 200-200s200 89.5 200 200-89.5 200-200 200S56 366.5 56 256z\"><\/path><\/svg>\t\t\t<\/div>\n\t\t<\/div>\n\t\t\t\t\t\t<\/div>\n\t\t\t\t<\/div>\n\t\t\t\t<div class=\"elementor-element elementor-element-70652de elementor-widget elementor-widget-counter\" data-id=\"70652de\" data-element_type=\"widget\" data-widget_type=\"counter.default\">\n\t\t\t\t<div class=\"elementor-widget-container\">\n\t\t\t\t\t\t\t<div class=\"elementor-counter\">\n\t\t\t\t\t\t<div class=\"elementor-counter-number-wrapper\">\n\t\t\t\t<span class=\"elementor-counter-number-prefix\"><\/span>\n\t\t\t\t<span class=\"elementor-counter-number\" data-duration=\"2000\" data-to-value=\"50\" data-from-value=\"0\" data-delimiter=\",\">0<\/span>\n\t\t\t\t<span class=\"elementor-counter-number-suffix\">+<\/span>\n\t\t\t<\/div>\n\t\t<\/div>\n\t\t\t\t\t\t<\/div>\n\t\t\t\t<\/div>\n\t\t\t\t<div class=\"elementor-element elementor-element-0d1c465 elementor-widget elementor-widget-image-box\" data-id=\"0d1c465\" data-element_type=\"widget\" data-widget_type=\"image-box.default\">\n\t\t\t\t<div class=\"elementor-widget-container\">\n\t\t\t\t\t<div class=\"elementor-image-box-wrapper\"><div class=\"elementor-image-box-content\"><h4 class=\"elementor-image-box-title\">Videos<\/h4><\/div><\/div>\t\t\t\t<\/div>\n\t\t\t\t<\/div>\n\t\t\t\t<\/div>\n\t\t<div class=\"elementor-element elementor-element-fc066d0 e-con-full e-flex e-con e-child\" data-id=\"fc066d0\" data-element_type=\"container\" data-settings=\"{&quot;background_background&quot;:&quot;classic&quot;}\">\n\t\t\t\t<div class=\"elementor-element elementor-element-687b7b3 elementor-view-framed elementor-shape-circle elementor-invisible elementor-widget elementor-widget-icon\" data-id=\"687b7b3\" data-element_type=\"widget\" data-settings=\"{&quot;_animation&quot;:&quot;zoomIn&quot;,&quot;_animation_delay&quot;:300}\" data-widget_type=\"icon.default\">\n\t\t\t\t<div class=\"elementor-widget-container\">\n\t\t\t\t\t\t\t<div class=\"elementor-icon-wrapper\">\n\t\t\t<div class=\"elementor-icon\">\n\t\t\t<svg aria-hidden=\"true\" class=\"e-font-icon-svg e-far-file-alt\" viewBox=\"0 0 384 512\" xmlns=\"http:\/\/www.w3.org\/2000\/svg\"><path d=\"M288 248v28c0 6.6-5.4 12-12 12H108c-6.6 0-12-5.4-12-12v-28c0-6.6 5.4-12 12-12h168c6.6 0 12 5.4 12 12zm-12 72H108c-6.6 0-12 5.4-12 12v28c0 6.6 5.4 12 12 12h168c6.6 0 12-5.4 12-12v-28c0-6.6-5.4-12-12-12zm108-188.1V464c0 26.5-21.5 48-48 48H48c-26.5 0-48-21.5-48-48V48C0 21.5 21.5 0 48 0h204.1C264.8 0 277 5.1 286 14.1L369.9 98c9 8.9 14.1 21.2 14.1 33.9zm-128-80V128h76.1L256 51.9zM336 464V176H232c-13.3 0-24-10.7-24-24V48H48v416h288z\"><\/path><\/svg>\t\t\t<\/div>\n\t\t<\/div>\n\t\t\t\t\t\t<\/div>\n\t\t\t\t<\/div>\n\t\t\t\t<div class=\"elementor-element elementor-element-d4b8e68 elementor-widget elementor-widget-counter\" data-id=\"d4b8e68\" data-element_type=\"widget\" data-widget_type=\"counter.default\">\n\t\t\t\t<div class=\"elementor-widget-container\">\n\t\t\t\t\t\t\t<div class=\"elementor-counter\">\n\t\t\t\t\t\t<div class=\"elementor-counter-number-wrapper\">\n\t\t\t\t<span class=\"elementor-counter-number-prefix\"><\/span>\n\t\t\t\t<span class=\"elementor-counter-number\" data-duration=\"2000\" data-to-value=\"100\" data-from-value=\"0\" data-delimiter=\",\">0<\/span>\n\t\t\t\t<span class=\"elementor-counter-number-suffix\">+<\/span>\n\t\t\t<\/div>\n\t\t<\/div>\n\t\t\t\t\t\t<\/div>\n\t\t\t\t<\/div>\n\t\t\t\t<div class=\"elementor-element elementor-element-f673f49 elementor-widget elementor-widget-image-box\" data-id=\"f673f49\" data-element_type=\"widget\" data-widget_type=\"image-box.default\">\n\t\t\t\t<div class=\"elementor-widget-container\">\n\t\t\t\t\t<div class=\"elementor-image-box-wrapper\"><div class=\"elementor-image-box-content\"><h4 class=\"elementor-image-box-title\">Documentos<\/h4><\/div><\/div>\t\t\t\t<\/div>\n\t\t\t\t<\/div>\n\t\t\t\t<\/div>\n\t\t\t\t\t<\/div>\n\t\t\t\t<\/div>\n\t\t\t\t\t<\/div>\n\t\t\t\t<\/div>\n\t\t\t\t<\/div>\n\t\t","protected":false},"excerpt":{"rendered":"<p>Nosotros El Buscador de Recursos Digitales de la Econom\u00eda Social es una herramienta web de b\u00fasqueda, redirecci\u00f3n al contenido original y almacenamiento de recursos digitales: El buscador Buscador dentro de la propia web Enlaces a webs institucionales Enlaces a webs de entidades de la Econom\u00eda Social Documentos V\u00eddeos Noticias. Con la funci\u00f3n principal de gestionar &#8230; <a title=\"Nosotros\" class=\"read-more\" href=\"https:\/\/cooperativasowen.coop\/buscador\/nosotros\/\" aria-label=\"Leer m\u00e1s sobre Nosotros\">Leer m\u00e1s<\/a><\/p>\n","protected":false},"author":1,"featured_media":0,"parent":0,"menu_order":0,"comment_status":"closed","ping_status":"closed","template":"elementor_header_footer","meta":{"footnotes":""},"class_list":["post-1485","page","type-page","status-publish"],"_links":{"self":[{"href":"https:\/\/cooperativasowen.coop\/buscador\/wp-json\/wp\/v2\/pages\/1485","targetHints":{"allow":["GET"]}}],"collection":[{"href":"https:\/\/cooperativasowen.coop\/buscador\/wp-json\/wp\/v2\/pages"}],"about":[{"href":"https:\/\/cooperativasowen.coop\/buscador\/wp-json\/wp\/v2\/types\/page"}],"author":[{"embeddable":true,"href":"https:\/\/cooperativasowen.coop\/buscador\/wp-json\/wp\/v2\/users\/1"}],"replies":[{"embeddable":true,"href":"https:\/\/cooperativasowen.coop\/buscador\/wp-json\/wp\/v2\/comments?post=1485"}],"version-history":[{"count":22,"href":"https:\/\/cooperativasowen.coop\/buscador\/wp-json\/wp\/v2\/pages\/1485\/revisions"}],"predecessor-version":[{"id":4340,"href":"https:\/\/cooperativasowen.coop\/buscador\/wp-json\/wp\/v2\/pages\/1485\/revisions\/4340"}],"wp:attachment":[{"href":"https:\/\/cooperativasowen.coop\/buscador\/wp-json\/wp\/v2\/media?parent=1485"}],"curies":[{"name":"wp","href":"https:\/\/api.w.org\/{rel}","templated":true}]}}