{"id":3135,"date":"2023-12-22T17:38:25","date_gmt":"2023-12-22T17:38:25","guid":{"rendered":"https:\/\/www.cooperativasowen.coop\/buscador\/?page_id=3135"},"modified":"2024-01-30T20:02:55","modified_gmt":"2024-01-30T20:02:55","slug":"feeds","status":"publish","type":"page","link":"https:\/\/cooperativasowen.coop\/buscador\/feeds\/","title":{"rendered":"Feeds"},"content":{"rendered":"<div class=\"wp-rss-template-container\" data-wpra-template=\"nuevo-template\" data-template-ctx=\"eyJ0ZW1wbGF0ZSI6Im51ZXZvLXRlbXBsYXRlIiwibGltaXQiOjEwLCJpc0FsbCI6dHJ1ZSwicGFnaW5hdGlvbiI6dHJ1ZX0=\">\n    <div class=\"wp-rss-aggregator wpra-et-template  \" data-page=\"1\">\n    \n    \n<ul\n    class=\"rss-aggregator wpra-et-legacy wpra-item-et \"\n    start=\"1\"\n>\n                        <li class=\"feed-item \">\n    \n            \n        <a href=\"https:\/\/faecta.coop\/v-edicion-de-los-premios-andalucia-es\/\" target=\"_blank\"  class=\"\">V Edici\u00f3n de los Premios Andaluc\u00eda ES<\/a>\n\n    <div class=\"thumbnail-excerpt wprss-feed-thumbnail\">\n                                \n            \n                                            \n                    <div class=\"thumbnail-excerpt wprss-feed-excerpt\">\n                \n                La Federaci\u00f3n Andaluza de Empresas Cooperativas (FAECTA) anima a las cooperativas y entidades de econom\u00eda social a participar en la V Edici\u00f3n de los Premios Andaluc\u00eda para la Econom\u00eda Social \u201cPremios Andaluc\u00eda ES\u201d, una iniciativa impulsada por la Consejer\u00eda de Empleo, Empresa y Trabajo Aut\u00f3nomo de la Junta de Andaluc\u00eda&#8230;\n                                    <a href=\"https:\/\/faecta.coop\/v-edicion-de-los-premios-andalucia-es\/\" target=\"_blank\"  class=\"\">Leer m\u00e1s<\/a>\n                            <\/div>\n            <\/div>\n\n    \n    \n\n    <div class=\"wprss-feed-meta\">\n                    <span class=\"feed-source\">\n                Fuente:\n                <a href=\"https:\/\/faecta.coop\/feed\/\" target=\"_blank\"  class=\"\">faecta.coop<\/a>\n            <\/span>\n        \n                                        \n                    <span class=\"feed-date\">\n                Publicado el:: 2026-05-05\n            <\/span>\n        \n            <\/div>\n<\/li>\n\n                    <li class=\"feed-item \">\n    \n            \n        <a href=\"https:\/\/faecta.coop\/faecta-y-cajamar-caja-rural-firman-un-convenio-para-el-impulso-de-las-cooperativas-andaluzas\/\" target=\"_blank\"  class=\"\">FAECTA y Cajamar Caja Rural firman un convenio para el impulso de las cooperativas andaluzas<\/a>\n\n    <div class=\"thumbnail-excerpt wprss-feed-thumbnail\">\n                                \n            \n                                            \n                    <div class=\"thumbnail-excerpt wprss-feed-excerpt\">\n                \n                El acuerdo incluye acceso a productos financieros en condiciones preferentes. La Federaci\u00f3n Andaluza de Empresas Cooperativas y Cajamar Caja Rural han suscrito un convenio de colaboraci\u00f3n con el objetivo de mejorar el acceso a financiaci\u00f3n y servicios bancarios para las cooperativas de trabajo de Andaluc\u00eda y apoyar el fortalecimiento de&#8230;\n                                    <a href=\"https:\/\/faecta.coop\/faecta-y-cajamar-caja-rural-firman-un-convenio-para-el-impulso-de-las-cooperativas-andaluzas\/\" target=\"_blank\"  class=\"\">Leer m\u00e1s<\/a>\n                            <\/div>\n            <\/div>\n\n    \n    \n\n    <div class=\"wprss-feed-meta\">\n                    <span class=\"feed-source\">\n                Fuente:\n                <a href=\"https:\/\/faecta.coop\/feed\/\" target=\"_blank\"  class=\"\">faecta.coop<\/a>\n            <\/span>\n        \n                                        \n                    <span class=\"feed-date\">\n                Publicado el:: 2026-05-05\n            <\/span>\n        \n            <\/div>\n<\/li>\n\n                    <li class=\"feed-item \">\n    \n            \n        <a href=\"https:\/\/www.ifef.es\/es\/ifef\/area-transparencia-noticias\/noticias-de-transparencia\/1910-ya-puedes-solicitar-espacios-en-los-depositos-de-tabaco-de-cadiz\" target=\"_blank\"  class=\"\">Ya puedes solicitar espacios en los Dep\u00f3sitos de Tabaco de C\u00e1diz<\/a>\n\n    <div class=\"thumbnail-excerpt wprss-feed-thumbnail\">\n                                \n            \n                                            \n                    <div class=\"thumbnail-excerpt wprss-feed-excerpt\">\n                \n                &#8230;\n                                    <a href=\"https:\/\/www.ifef.es\/es\/ifef\/area-transparencia-noticias\/noticias-de-transparencia\/1910-ya-puedes-solicitar-espacios-en-los-depositos-de-tabaco-de-cadiz\" target=\"_blank\"  class=\"\">Leer m\u00e1s<\/a>\n                            <\/div>\n            <\/div>\n\n    \n    \n\n    <div class=\"wprss-feed-meta\">\n                    <span class=\"feed-source\">\n                Fuente:\n                <a href=\"https:\/\/www.ifef.es\/fomento\/index.php\/emprendimiento\/economia-social\/noticias-economia-social?format=feed&amp;type=rss\" target=\"_blank\"  class=\"\">Noticias Econom\u00eda Social<\/a>\n            <\/span>\n        \n                                        \n                    <span class=\"feed-date\">\n                Publicado el:: 2026-05-04\n            <\/span>\n        \n            <\/div>\n<\/li>\n\n                    <li class=\"feed-item \">\n    \n            \n        <a href=\"https:\/\/faecta.coop\/faecta-reivindica-en-el-dia-internacional-del-trabajo-el-papel-estrategico-de-la-economia-social-en-andalucia\/\" target=\"_blank\"  class=\"\">FAECTA reivindica en el D\u00eda Internacional del Trabajo el papel estrat\u00e9gico de la econom\u00eda social en Andaluc\u00eda<\/a>\n\n    <div class=\"thumbnail-excerpt wprss-feed-thumbnail\">\n                                \n            \n                                            \n                    <div class=\"thumbnail-excerpt wprss-feed-excerpt\">\n                \n                La econom\u00eda social representa el 14% del PIB andaluz y cerca del 6,2% del empleo total, con m\u00e1s de 11.200 entidades y 200.000 personas trabajadoras Con motivo del D\u00eda Internacional del Trabajo, FAECTA ha puesto en valor el papel del cooperativismo como modelo empresarial clave para la generaci\u00f3n de empleo&#8230;\n                                    <a href=\"https:\/\/faecta.coop\/faecta-reivindica-en-el-dia-internacional-del-trabajo-el-papel-estrategico-de-la-economia-social-en-andalucia\/\" target=\"_blank\"  class=\"\">Leer m\u00e1s<\/a>\n                            <\/div>\n            <\/div>\n\n    \n    \n\n    <div class=\"wprss-feed-meta\">\n                    <span class=\"feed-source\">\n                Fuente:\n                <a href=\"https:\/\/faecta.coop\/feed\/\" target=\"_blank\"  class=\"\">faecta.coop<\/a>\n            <\/span>\n        \n                                        \n                    <span class=\"feed-date\">\n                Publicado el:: 2026-04-30\n            <\/span>\n        \n            <\/div>\n<\/li>\n\n                    <li class=\"feed-item \">\n    \n            \n        <a href=\"https:\/\/faecta.coop\/innovasocial-aaa-impulsa-la-cooperacion-transfronteriza-con-una-jornada-de-intercambio-en-sevilla-y-mairena-del-alcor\/\" target=\"_blank\"  class=\"\">INNOVASOCIAL AAA impulsa la cooperaci\u00f3n transfronteriza con una jornada de intercambio en Sevilla y Mairena del Alcor<\/a>\n\n    <div class=\"thumbnail-excerpt wprss-feed-thumbnail\">\n                                \n            \n                                            \n                    <div class=\"thumbnail-excerpt wprss-feed-excerpt\">\n                \n                Las entidades socias del proyecto participan en una acci\u00f3n conjunta para conocer buenas pr\u00e1cticas en igualdad de g\u00e9nero, inclusi\u00f3n social y oportunidades en el \u00e1mbito rural. El proyecto\u00a0INNOVASOCIAL AAA\u00a0ha celebrado en Sevilla y Mairena del Alcor la\u00a01\u00aa Acci\u00f3n Transnacional de Intercambio para la Promoci\u00f3n de la Econom\u00eda Social, una jornada&#8230;\n                                    <a href=\"https:\/\/faecta.coop\/innovasocial-aaa-impulsa-la-cooperacion-transfronteriza-con-una-jornada-de-intercambio-en-sevilla-y-mairena-del-alcor\/\" target=\"_blank\"  class=\"\">Leer m\u00e1s<\/a>\n                            <\/div>\n            <\/div>\n\n    \n    \n\n    <div class=\"wprss-feed-meta\">\n                    <span class=\"feed-source\">\n                Fuente:\n                <a href=\"https:\/\/faecta.coop\/feed\/\" target=\"_blank\"  class=\"\">faecta.coop<\/a>\n            <\/span>\n        \n                                        \n                    <span class=\"feed-date\">\n                Publicado el:: 2026-04-30\n            <\/span>\n        \n            <\/div>\n<\/li>\n\n                    <li class=\"feed-item \">\n    \n            \n        <a href=\"https:\/\/www.ifef.es\/es\/empleo\/talleres-los-martes-del-empleo\" target=\"_blank\"  class=\"\">Se pone en marcha los Talleres \u201cLos Martes del Empleo\u201d en los Dep\u00f3sitos de Tabaco de C\u00e1diz<\/a>\n\n    <div class=\"thumbnail-excerpt wprss-feed-thumbnail\">\n                                \n            \n                                            \n                    <div class=\"thumbnail-excerpt wprss-feed-excerpt\">\n                \n                &#8230;\n                                    <a href=\"https:\/\/www.ifef.es\/es\/empleo\/talleres-los-martes-del-empleo\" target=\"_blank\"  class=\"\">Leer m\u00e1s<\/a>\n                            <\/div>\n            <\/div>\n\n    \n    \n\n    <div class=\"wprss-feed-meta\">\n                    <span class=\"feed-source\">\n                Fuente:\n                <a href=\"https:\/\/www.ifef.es\/fomento\/index.php\/emprendimiento\/economia-social\/noticias-economia-social?format=feed&amp;type=rss\" target=\"_blank\"  class=\"\">Noticias Econom\u00eda Social<\/a>\n            <\/span>\n        \n                                        \n                    <span class=\"feed-date\">\n                Publicado el:: 2026-04-30\n            <\/span>\n        \n            <\/div>\n<\/li>\n\n                    <li class=\"feed-item \">\n    \n            \n        <a href=\"https:\/\/faecta.coop\/faecta-impulsa-en-malaga-el-debate-sobre-la-vivienda-cooperativa-en-cesion-de-uso-como-modelo-de-futuro\/\" target=\"_blank\"  class=\"\">FAECTA impulsa en M\u00e1laga el debate sobre la vivienda cooperativa en cesi\u00f3n de uso como modelo de futuro<\/a>\n\n    <div class=\"thumbnail-excerpt wprss-feed-thumbnail\">\n                                \n            \n                                            \n                    <div class=\"thumbnail-excerpt wprss-feed-excerpt\">\n                \n                La jornada, celebrada en Tartessos M\u00e1laga, reuni\u00f3 a representantes institucionales, expertos y entidades vinculadas al cooperativismo y la econom\u00eda social La Federaci\u00f3n Andaluza de Empresas Cooperativas (FAECTA) ha celebrado hoy en Tartessos M\u00e1laga, en Rinc\u00f3n de la Victoria, la jornada \u201cVivienda cooperativa en cesi\u00f3n de uso: transformar el presente, construir&#8230;\n                                    <a href=\"https:\/\/faecta.coop\/faecta-impulsa-en-malaga-el-debate-sobre-la-vivienda-cooperativa-en-cesion-de-uso-como-modelo-de-futuro\/\" target=\"_blank\"  class=\"\">Leer m\u00e1s<\/a>\n                            <\/div>\n            <\/div>\n\n    \n    \n\n    <div class=\"wprss-feed-meta\">\n                    <span class=\"feed-source\">\n                Fuente:\n                <a href=\"https:\/\/faecta.coop\/feed\/\" target=\"_blank\"  class=\"\">faecta.coop<\/a>\n            <\/span>\n        \n                                        \n                    <span class=\"feed-date\">\n                Publicado el:: 2026-04-30\n            <\/span>\n        \n            <\/div>\n<\/li>\n\n                    <li class=\"feed-item \">\n    \n            \n        <a href=\"https:\/\/faecta.coop\/faecta-refuerza-el-dialogo-institucional-y-la-proyeccion-estrategica-de-la-economia-social-en-la-asamblea-general-de-cepes\/\" target=\"_blank\"  class=\"\">FAECTA refuerza el di\u00e1logo institucional y la proyecci\u00f3n estrat\u00e9gica de la econom\u00eda social en la Asamblea General de CEPES<\/a>\n\n    <div class=\"thumbnail-excerpt wprss-feed-thumbnail\">\n                                \n            \n                                            \n                    <div class=\"thumbnail-excerpt wprss-feed-excerpt\">\n                \n                La Federaci\u00f3n Andaluza de Empresas Cooperativas (FAECTA), representada por su presidente, Luis Miguel Jurado, ha participado esta semana en la Junta Directiva y la 34\u00aa Asamblea General de CEPES, celebradas entre Osuna y M\u00e1laga, en dos jornadas centradas en la gobernanza, la interlocuci\u00f3n institucional y los retos estrat\u00e9gicos de la&#8230;\n                                    <a href=\"https:\/\/faecta.coop\/faecta-refuerza-el-dialogo-institucional-y-la-proyeccion-estrategica-de-la-economia-social-en-la-asamblea-general-de-cepes\/\" target=\"_blank\"  class=\"\">Leer m\u00e1s<\/a>\n                            <\/div>\n            <\/div>\n\n    \n    \n\n    <div class=\"wprss-feed-meta\">\n                    <span class=\"feed-source\">\n                Fuente:\n                <a href=\"https:\/\/faecta.coop\/feed\/\" target=\"_blank\"  class=\"\">faecta.coop<\/a>\n            <\/span>\n        \n                                        \n                    <span class=\"feed-date\">\n                Publicado el:: 2026-04-30\n            <\/span>\n        \n            <\/div>\n<\/li>\n\n                    <li class=\"feed-item \">\n    \n            \n        <a href=\"https:\/\/www.ifef.es\/es\/formacion\/noticias-de-formacion\/noticias-de-formaci%C3%B3n\/1903-publicaci%C3%B3n-de-las-listas-definitivas-de-solicitudes-admitidas-a-los-itinerarios-del-proyecto-%E2%80%9Cempleo-cerca%E2%80%9D\" target=\"_blank\"  class=\"\">Publicaci\u00f3n de las listas definitivas de solicitudes admitidas a los Itinerarios del Proyecto \u201cEmpleo Cerca\u201d<\/a>\n\n    <div class=\"thumbnail-excerpt wprss-feed-thumbnail\">\n                                \n            \n                                            \n                    <div class=\"thumbnail-excerpt wprss-feed-excerpt\">\n                \n                &#8230;\n                                    <a href=\"https:\/\/www.ifef.es\/es\/formacion\/noticias-de-formacion\/noticias-de-formaci%C3%B3n\/1903-publicaci%C3%B3n-de-las-listas-definitivas-de-solicitudes-admitidas-a-los-itinerarios-del-proyecto-%E2%80%9Cempleo-cerca%E2%80%9D\" target=\"_blank\"  class=\"\">Leer m\u00e1s<\/a>\n                            <\/div>\n            <\/div>\n\n    \n    \n\n    <div class=\"wprss-feed-meta\">\n                    <span class=\"feed-source\">\n                Fuente:\n                <a href=\"https:\/\/www.ifef.es\/fomento\/index.php\/emprendimiento\/economia-social\/noticias-economia-social?format=feed&amp;type=rss\" target=\"_blank\"  class=\"\">Noticias Econom\u00eda Social<\/a>\n            <\/span>\n        \n                                        \n                    <span class=\"feed-date\">\n                Publicado el:: 2026-04-29\n            <\/span>\n        \n            <\/div>\n<\/li>\n\n                    <li class=\"feed-item \">\n    \n            \n        <a href=\"https:\/\/www.ifef.es\/es\/formacion\/noticias-de-formacion\/noticias-de-formaci%C3%B3n\/1903-publicacion-de-las-listas-definitivas-de-solicitudes-admitidas-a-los-itinerarios-del-proyecto-empleo-cerca\" target=\"_blank\"  class=\"\">Publicaci\u00f3n de las listas definitivas de solicitudes admitidas a los Itinerarios del Proyecto \u201cEmpleo Cerca\u201d<\/a>\n\n    <div class=\"thumbnail-excerpt wprss-feed-thumbnail\">\n                                \n            \n                                            \n                    <div class=\"thumbnail-excerpt wprss-feed-excerpt\">\n                \n                &#8230;\n                                    <a href=\"https:\/\/www.ifef.es\/es\/formacion\/noticias-de-formacion\/noticias-de-formaci%C3%B3n\/1903-publicacion-de-las-listas-definitivas-de-solicitudes-admitidas-a-los-itinerarios-del-proyecto-empleo-cerca\" target=\"_blank\"  class=\"\">Leer m\u00e1s<\/a>\n                            <\/div>\n            <\/div>\n\n    \n    \n\n    <div class=\"wprss-feed-meta\">\n                    <span class=\"feed-source\">\n                Fuente:\n                <a href=\"https:\/\/www.ifef.es\/fomento\/index.php\/emprendimiento\/economia-social\/noticias-economia-social?format=feed&amp;type=rss\" target=\"_blank\"  class=\"\">Noticias Econom\u00eda Social<\/a>\n            <\/span>\n        \n                                        \n                    <span class=\"feed-date\">\n                Publicado el:: 2026-04-29\n            <\/span>\n        \n            <\/div>\n<\/li>\n\n        <\/ul>\n\n            \n\n\n<div class=\"nav-links\">\n                                <span class=\"alignleft\">\n                1\n            <\/span>\n                                <div class=\"nav-next alignleft\">\n                <a href=\"#\" data-wpra-page=\"2\">\n                    2\n                <\/a>\n            <\/div>\n                                <div class=\"nav-next alignleft\">\n                <a href=\"#\" data-wpra-page=\"3\">\n                    3\n                <\/a>\n            <\/div>\n                        <span class=\"alignleft\">\u2026<\/span>\n                <div class=\"nav-previous alignleft\">\n            <a href=\"#\" data-wpra-page=\"2\">\n                Next            <\/a>\n        <\/div>\n    <\/div>\n\n        \n<\/div>\n\n<\/div>\n","protected":false},"excerpt":{"rendered":"","protected":false},"author":1,"featured_media":0,"parent":0,"menu_order":0,"comment_status":"closed","ping_status":"closed","template":"","meta":{"footnotes":""},"class_list":["post-3135","page","type-page","status-publish"],"_links":{"self":[{"href":"https:\/\/cooperativasowen.coop\/buscador\/wp-json\/wp\/v2\/pages\/3135","targetHints":{"allow":["GET"]}}],"collection":[{"href":"https:\/\/cooperativasowen.coop\/buscador\/wp-json\/wp\/v2\/pages"}],"about":[{"href":"https:\/\/cooperativasowen.coop\/buscador\/wp-json\/wp\/v2\/types\/page"}],"author":[{"embeddable":true,"href":"https:\/\/cooperativasowen.coop\/buscador\/wp-json\/wp\/v2\/users\/1"}],"replies":[{"embeddable":true,"href":"https:\/\/cooperativasowen.coop\/buscador\/wp-json\/wp\/v2\/comments?post=3135"}],"version-history":[{"count":11,"href":"https:\/\/cooperativasowen.coop\/buscador\/wp-json\/wp\/v2\/pages\/3135\/revisions"}],"predecessor-version":[{"id":4439,"href":"https:\/\/cooperativasowen.coop\/buscador\/wp-json\/wp\/v2\/pages\/3135\/revisions\/4439"}],"wp:attachment":[{"href":"https:\/\/cooperativasowen.coop\/buscador\/wp-json\/wp\/v2\/media?parent=3135"}],"curies":[{"name":"wp","href":"https:\/\/api.w.org\/{rel}","templated":true}]}}